{"id":570,"date":"2022-01-11T08:59:42","date_gmt":"2022-01-11T08:59:42","guid":{"rendered":"https:\/\/hotel-le-president.com\/?page_id=570"},"modified":"2023-08-30T21:31:22","modified_gmt":"2023-08-30T21:31:22","slug":"hotel-le-president","status":"publish","type":"page","link":"https:\/\/hotel-le-president.com\/en\/about-us\/hotel-le-president\/","title":{"rendered":"H\u00f4tel le Pr\u00e9sident"},"content":{"rendered":"<div class=\"wpb-content-wrapper\"><p>[vc_row gap=&#8221;30&#8243;][vc_column width=&#8221;1\/2&#8243; offset=&#8221;vc_hidden-sm vc_hidden-xs&#8221;][vc_column_text]<\/p>\n<h1><span style=\"color: #3e2723\">H\u00f4tel Le Pr\u00e9sident<\/span><\/h1>\n<h2><span style=\"color: #aa7548\">Sherbrooke, Qu\u00e9bec<\/span><\/h2>\n<p>[\/vc_column_text][vc_column_text]Still in operation after over 40 years, Hotel Le President ( establishment number 058100) is an institution in the city of Sherbrooke. Renowned for the quality of its facilities and attentive hospitality, the Hotel Le President is the ideal place for your next stay in Sherbrooke.[\/vc_column_text][vc_btn title=&#8221;Our Rooms&#8221; style=&#8221;flat&#8221; color=&#8221;juicy-pink&#8221; i_icon_fontawesome=&#8221;fas fa-bed&#8221; add_icon=&#8221;true&#8221; link=&#8221;url:https%3A%2F%2Fhotel-le-president.com%2Fen%2Faccomodations%2F|title:Our%20Rooms&#8221; css=&#8221;.vc_custom_1641954444188{margin-right: 10px !important;}&#8221;][vc_btn title=&#8221;Reserve Online&#8221; style=&#8221;flat&#8221; color=&#8221;juicy-pink&#8221; i_icon_fontawesome=&#8221;far fa-calendar-check&#8221; add_icon=&#8221;true&#8221; link=&#8221;url:https%3A%2F%2Fhotel-le-president.com%2Fen%2Fbook-room-now%2F|title:Online%20Reservation&#8221;][\/vc_column][vc_column width=&#8221;1\/2&#8243; offset=&#8221;vc_hidden-sm vc_hidden-xs&#8221;][vc_single_image image=&#8221;158&#8243; img_size=&#8221;large&#8221; alignment=&#8221;center&#8221;][\/vc_column][vc_column offset=&#8221;vc_hidden-lg vc_hidden-md&#8221;][vc_single_image image=&#8221;158&#8243; img_size=&#8221;large&#8221; alignment=&#8221;center&#8221;][vc_column_text]<\/p>\n<h1 style=\"text-align: center\"><span style=\"color: #3e2723\">H\u00f4tel Le Pr\u00e9sident<\/span><\/h1>\n<h2 style=\"text-align: center\"><span style=\"color: #aa7548\">Sherbrooke, Qu\u00e9bec<\/span><\/h2>\n<p>[\/vc_column_text][vc_column_text]<\/p>\n<p style=\"text-align: center\">Still in operation after over 40 years, Hotel Le President is an institution in the city of Sherbrooke. Renowned for the quality of its facilities and attentive hospitality, the Hotel Le President is the ideal place for your next stay in Sherbrooke.<\/p>\n<p>[\/vc_column_text][vc_btn title=&#8221;Our Rooms&#8221; style=&#8221;flat&#8221; color=&#8221;juicy-pink&#8221; align=&#8221;center&#8221; i_icon_fontawesome=&#8221;fas fa-bed&#8221; add_icon=&#8221;true&#8221; link=&#8221;url:https%3A%2F%2Fhotel-le-president.com%2Fen%2Faccomodations%2F|title:Our%20Rooms&#8221;][vc_btn title=&#8221;Book Online&#8221; style=&#8221;flat&#8221; color=&#8221;juicy-pink&#8221; align=&#8221;center&#8221; i_icon_fontawesome=&#8221;far fa-calendar-check&#8221; add_icon=&#8221;true&#8221; link=&#8221;url:https%3A%2F%2Fhotel-le-president.com%2Fen%2Fbook-room-now%2F|title:Book%20Online&#8221;][\/vc_column][\/vc_row]<\/p>\n<\/div>","protected":false},"excerpt":{"rendered":"<p>[vc_row gap=&#8221;30&#8243;][vc_column width=&#8221;1\/2&#8243; offset=&#8221;vc_hidden-sm vc_hidden-xs&#8221;][vc_column_text] H\u00f4tel Le Pr\u00e9sident Sherbrooke, Qu\u00e9bec [\/vc_column_text][vc_column_text]Still in operation after over 40 years, Hotel Le President ( establishment number 058100) is an institution in the city of Sherbrooke. Renowned for the quality of its facilities and attentive hospitality, the Hotel Le President is the ideal place for your next stay in&hellip;<\/p>\n","protected":false},"author":1,"featured_media":0,"parent":558,"menu_order":0,"comment_status":"closed","ping_status":"closed","template":"","meta":{"footnotes":""},"class_list":["post-570","page","type-page","status-publish","hentry","description-off"],"yoast_head":"<!-- This site is optimized with the Yoast SEO plugin v27.4 - https:\/\/yoast.com\/product\/yoast-seo-wordpress\/ -->\n<title>About us | Hotel Le President in Sherbrooke<\/title>\n<meta name=\"robots\" content=\"index, follow, max-snippet:-1, max-image-preview:large, max-video-preview:-1\" \/>\n<link rel=\"canonical\" href=\"https:\/\/hotel-le-president.com\/en\/about-us\/hotel-le-president\/\" \/>\n<meta property=\"og:locale\" content=\"en_US\" \/>\n<meta property=\"og:type\" content=\"article\" \/>\n<meta property=\"og:title\" content=\"About us | Hotel Le President in Sherbrooke\" \/>\n<meta property=\"og:description\" content=\"[vc_row gap=&#8221;30&#8243;][vc_column width=&#8221;1\/2&#8243; offset=&#8221;vc_hidden-sm vc_hidden-xs&#8221;][vc_column_text] H\u00f4tel Le Pr\u00e9sident Sherbrooke, Qu\u00e9bec [\/vc_column_text][vc_column_text]Still in operation after over 40 years, Hotel Le President ( establishment number 058100) is an institution in the city of Sherbrooke. Renowned for the quality of its facilities and attentive hospitality, the Hotel Le President is the ideal place for your next stay in&hellip;\" \/>\n<meta property=\"og:url\" content=\"https:\/\/hotel-le-president.com\/en\/about-us\/hotel-le-president\/\" \/>\n<meta property=\"og:site_name\" content=\"Hotel Le Pr\u00e9sident\" \/>\n<meta property=\"article:modified_time\" content=\"2023-08-30T21:31:22+00:00\" \/>\n<meta name=\"twitter:card\" content=\"summary_large_image\" \/>\n<meta name=\"twitter:label1\" content=\"Est. reading time\" \/>\n\t<meta name=\"twitter:data1\" content=\"1 minute\" \/>\n<script type=\"application\/ld+json\" class=\"yoast-schema-graph\">{\"@context\":\"https:\\\/\\\/schema.org\",\"@graph\":[{\"@type\":\"WebPage\",\"@id\":\"https:\\\/\\\/hotel-le-president.com\\\/en\\\/about-us\\\/hotel-le-president\\\/\",\"url\":\"https:\\\/\\\/hotel-le-president.com\\\/en\\\/about-us\\\/hotel-le-president\\\/\",\"name\":\"About us | Hotel Le President in Sherbrooke\",\"isPartOf\":{\"@id\":\"https:\\\/\\\/hotel-le-president.com\\\/en\\\/#website\"},\"datePublished\":\"2022-01-11T08:59:42+00:00\",\"dateModified\":\"2023-08-30T21:31:22+00:00\",\"breadcrumb\":{\"@id\":\"https:\\\/\\\/hotel-le-president.com\\\/en\\\/about-us\\\/hotel-le-president\\\/#breadcrumb\"},\"inLanguage\":\"en-US\",\"potentialAction\":[{\"@type\":\"ReadAction\",\"target\":[\"https:\\\/\\\/hotel-le-president.com\\\/en\\\/about-us\\\/hotel-le-president\\\/\"]}]},{\"@type\":\"BreadcrumbList\",\"@id\":\"https:\\\/\\\/hotel-le-president.com\\\/en\\\/about-us\\\/hotel-le-president\\\/#breadcrumb\",\"itemListElement\":[{\"@type\":\"ListItem\",\"position\":1,\"name\":\"Home\",\"item\":\"https:\\\/\\\/hotel-le-president.com\\\/en\\\/\"},{\"@type\":\"ListItem\",\"position\":2,\"name\":\"About Us\",\"item\":\"https:\\\/\\\/hotel-le-president.com\\\/en\\\/about-us\\\/\"},{\"@type\":\"ListItem\",\"position\":3,\"name\":\"H\u00f4tel le Pr\u00e9sident\"}]},{\"@type\":\"WebSite\",\"@id\":\"https:\\\/\\\/hotel-le-president.com\\\/en\\\/#website\",\"url\":\"https:\\\/\\\/hotel-le-president.com\\\/en\\\/\",\"name\":\"Hotel Le Pr\u00e9sident\",\"description\":\"Sherbrook, Quebec, Canada\",\"potentialAction\":[{\"@type\":\"SearchAction\",\"target\":{\"@type\":\"EntryPoint\",\"urlTemplate\":\"https:\\\/\\\/hotel-le-president.com\\\/en\\\/?s={search_term_string}\"},\"query-input\":{\"@type\":\"PropertyValueSpecification\",\"valueRequired\":true,\"valueName\":\"search_term_string\"}}],\"inLanguage\":\"en-US\"}]}<\/script>\n<!-- \/ Yoast SEO plugin. -->","yoast_head_json":{"title":"About us | Hotel Le President in Sherbrooke","robots":{"index":"index","follow":"follow","max-snippet":"max-snippet:-1","max-image-preview":"max-image-preview:large","max-video-preview":"max-video-preview:-1"},"canonical":"https:\/\/hotel-le-president.com\/en\/about-us\/hotel-le-president\/","og_locale":"en_US","og_type":"article","og_title":"About us | Hotel Le President in Sherbrooke","og_description":"[vc_row gap=&#8221;30&#8243;][vc_column width=&#8221;1\/2&#8243; offset=&#8221;vc_hidden-sm vc_hidden-xs&#8221;][vc_column_text] H\u00f4tel Le Pr\u00e9sident Sherbrooke, Qu\u00e9bec [\/vc_column_text][vc_column_text]Still in operation after over 40 years, Hotel Le President ( establishment number 058100) is an institution in the city of Sherbrooke. Renowned for the quality of its facilities and attentive hospitality, the Hotel Le President is the ideal place for your next stay in&hellip;","og_url":"https:\/\/hotel-le-president.com\/en\/about-us\/hotel-le-president\/","og_site_name":"Hotel Le Pr\u00e9sident","article_modified_time":"2023-08-30T21:31:22+00:00","twitter_card":"summary_large_image","twitter_misc":{"Est. reading time":"1 minute"},"schema":{"@context":"https:\/\/schema.org","@graph":[{"@type":"WebPage","@id":"https:\/\/hotel-le-president.com\/en\/about-us\/hotel-le-president\/","url":"https:\/\/hotel-le-president.com\/en\/about-us\/hotel-le-president\/","name":"About us | Hotel Le President in Sherbrooke","isPartOf":{"@id":"https:\/\/hotel-le-president.com\/en\/#website"},"datePublished":"2022-01-11T08:59:42+00:00","dateModified":"2023-08-30T21:31:22+00:00","breadcrumb":{"@id":"https:\/\/hotel-le-president.com\/en\/about-us\/hotel-le-president\/#breadcrumb"},"inLanguage":"en-US","potentialAction":[{"@type":"ReadAction","target":["https:\/\/hotel-le-president.com\/en\/about-us\/hotel-le-president\/"]}]},{"@type":"BreadcrumbList","@id":"https:\/\/hotel-le-president.com\/en\/about-us\/hotel-le-president\/#breadcrumb","itemListElement":[{"@type":"ListItem","position":1,"name":"Home","item":"https:\/\/hotel-le-president.com\/en\/"},{"@type":"ListItem","position":2,"name":"About Us","item":"https:\/\/hotel-le-president.com\/en\/about-us\/"},{"@type":"ListItem","position":3,"name":"H\u00f4tel le Pr\u00e9sident"}]},{"@type":"WebSite","@id":"https:\/\/hotel-le-president.com\/en\/#website","url":"https:\/\/hotel-le-president.com\/en\/","name":"Hotel Le Pr\u00e9sident","description":"Sherbrook, Quebec, Canada","potentialAction":[{"@type":"SearchAction","target":{"@type":"EntryPoint","urlTemplate":"https:\/\/hotel-le-president.com\/en\/?s={search_term_string}"},"query-input":{"@type":"PropertyValueSpecification","valueRequired":true,"valueName":"search_term_string"}}],"inLanguage":"en-US"}]}},"_links":{"self":[{"href":"https:\/\/hotel-le-president.com\/en\/wp-json\/wp\/v2\/pages\/570","targetHints":{"allow":["GET"]}}],"collection":[{"href":"https:\/\/hotel-le-president.com\/en\/wp-json\/wp\/v2\/pages"}],"about":[{"href":"https:\/\/hotel-le-president.com\/en\/wp-json\/wp\/v2\/types\/page"}],"author":[{"embeddable":true,"href":"https:\/\/hotel-le-president.com\/en\/wp-json\/wp\/v2\/users\/1"}],"replies":[{"embeddable":true,"href":"https:\/\/hotel-le-president.com\/en\/wp-json\/wp\/v2\/comments?post=570"}],"version-history":[{"count":5,"href":"https:\/\/hotel-le-president.com\/en\/wp-json\/wp\/v2\/pages\/570\/revisions"}],"predecessor-version":[{"id":775,"href":"https:\/\/hotel-le-president.com\/en\/wp-json\/wp\/v2\/pages\/570\/revisions\/775"}],"up":[{"embeddable":true,"href":"https:\/\/hotel-le-president.com\/en\/wp-json\/wp\/v2\/pages\/558"}],"wp:attachment":[{"href":"https:\/\/hotel-le-president.com\/en\/wp-json\/wp\/v2\/media?parent=570"}],"curies":[{"name":"wp","href":"https:\/\/api.w.org\/{rel}","templated":true}]}}