{"id":558,"date":"2022-01-11T08:57:19","date_gmt":"2022-01-11T08:57:19","guid":{"rendered":"https:\/\/hotel-le-president.com\/?page_id=558"},"modified":"2022-01-12T02:30:37","modified_gmt":"2022-01-12T02:30:37","slug":"about-us","status":"publish","type":"page","link":"https:\/\/hotel-le-president.com\/en\/about-us\/","title":{"rendered":"About Us"},"content":{"rendered":"<div class=\"wpb-content-wrapper\"><p>[vc_row css=&#8221;.vc_custom_1640983396270{margin-bottom: 70px !important;}&#8221;][vc_column][vc_column_text]<\/p>\n<h1 style=\"text-align: center;\"><span style=\"color: #3e2723;\">About Us<br \/>\n<\/span><\/h1>\n<h2 style=\"text-align: center;\"><span style=\"color: #b18056;\">H\u00f4tel Le Pr\u00e9sident, Sherbrooke, Qu\u00e9bec<\/span><\/h2>\n<p>[\/vc_column_text][\/vc_column][\/vc_row][vc_row equal_height=&#8221;yes&#8221; content_placement=&#8221;middle&#8221; css=&#8221;.vc_custom_1640983731680{margin-bottom: 60px !important;padding-right: 20px !important;padding-left: 20px !important;border-radius: 15px !important;}&#8221;][vc_column width=&#8221;1\/2&#8243; css=&#8221;.vc_custom_1640983701330{padding-top: 160px !important;padding-bottom: 160px !important;background-image: url(https:\/\/hotel-le-president.com\/wp-content\/uploads\/sites\/56\/2021\/12\/Le-president-photo.jpg?id=158) !important;background-position: center !important;background-repeat: no-repeat !important;background-size: cover !important;}&#8221; offset=&#8221;vc_hidden-lg vc_hidden-md&#8221;][\/vc_column][vc_column width=&#8221;1\/2&#8243; css=&#8221;.vc_custom_1640048157903{background-color: #8b6b61 !important;}&#8221;][vc_column_text]<\/p>\n<h2 style=\"text-align: center;\"><span style=\"color: #ffffff;\">H\u00f4tel Le Pr\u00e9sident<\/span><\/h2>\n<p>[\/vc_column_text][vc_btn title=&#8221;Learn More&#8221; style=&#8221;flat&#8221; color=&#8221;juicy-pink&#8221; align=&#8221;center&#8221; link=&#8221;url:https%3A%2F%2Fhotel-le-president.com%2Fen%2Fabout-us%2Fhotel-le-president%2F&#8221;][\/vc_column][vc_column width=&#8221;1\/2&#8243; css=&#8221;.vc_custom_1640983683854{padding-top: 160px !important;padding-bottom: 160px !important;background-image: url(https:\/\/hotel-le-president.com\/wp-content\/uploads\/sites\/56\/2021\/12\/Le-president-photo.jpg?id=158) !important;background-position: center !important;background-repeat: no-repeat !important;background-size: cover !important;}&#8221; offset=&#8221;vc_hidden-sm vc_hidden-xs&#8221;][\/vc_column][\/vc_row][vc_row equal_height=&#8221;yes&#8221; content_placement=&#8221;middle&#8221; css=&#8221;.vc_custom_1640983743550{margin-bottom: 60px !important;padding-right: 20px !important;padding-left: 20px !important;}&#8221;][vc_column width=&#8221;1\/2&#8243; css=&#8221;.vc_custom_1640195051654{padding-top: 160px !important;padding-bottom: 160px !important;background-image: url(https:\/\/hotel-le-president.com\/wp-content\/uploads\/sites\/56\/2021\/12\/Sherbrooke-city.jpg?id=161) !important;background-position: center !important;background-repeat: no-repeat !important;background-size: cover !important;}&#8221;][\/vc_column][vc_column width=&#8221;1\/2&#8243; css=&#8221;.vc_custom_1640048157903{background-color: #8b6b61 !important;}&#8221;][vc_column_text]<\/p>\n<h2 style=\"text-align: center;\"><span style=\"color: #ffffff;\">Discover Sherbrooke<\/span><\/h2>\n<p>[\/vc_column_text][vc_btn title=&#8221;Learn More&#8221; style=&#8221;flat&#8221; color=&#8221;juicy-pink&#8221; align=&#8221;center&#8221; link=&#8221;url:https%3A%2F%2Fhotel-le-president.com%2Fen%2Fabout-us%2Fdiscover-sherbrooke%2F&#8221;][\/vc_column][\/vc_row][vc_row equal_height=&#8221;yes&#8221; content_placement=&#8221;middle&#8221; css=&#8221;.vc_custom_1640983750521{padding-right: 20px !important;padding-left: 20px !important;}&#8221;][vc_column width=&#8221;1\/2&#8243; offset=&#8221;vc_hidden-lg vc_hidden-md&#8221; css=&#8221;.vc_custom_1640983584667{padding-top: 160px !important;padding-bottom: 160px !important;background-image: url(https:\/\/hotel-le-president.com\/wp-content\/uploads\/sites\/56\/2021\/12\/tourism-e-t-content2-1.jpg?id=189) !important;background-position: center !important;background-repeat: no-repeat !important;background-size: cover !important;}&#8221;][\/vc_column][vc_column width=&#8221;1\/2&#8243; css=&#8221;.vc_custom_1640048157903{background-color: #8b6b61 !important;}&#8221;][vc_column_text]<\/p>\n<h2 style=\"text-align: center;\"><span style=\"color: #ffffff;\">Tourism in the Eastern Townships<\/span><\/h2>\n<p>[\/vc_column_text][vc_btn title=&#8221;Learn More&#8221; style=&#8221;flat&#8221; color=&#8221;juicy-pink&#8221; align=&#8221;center&#8221; link=&#8221;url:https%3A%2F%2Fhotel-le-president.com%2Fen%2Fabout-us%2Ftourism-in-eastern-townships%2F&#8221;][\/vc_column][vc_column width=&#8221;1\/2&#8243; css=&#8221;.vc_custom_1640983663153{padding-top: 160px !important;padding-bottom: 160px !important;background-image: url(https:\/\/hotel-le-president.com\/wp-content\/uploads\/sites\/56\/2021\/12\/tourism-e-t-content2.jpg?id=163) !important;background-position: center !important;background-repeat: no-repeat !important;background-size: cover !important;}&#8221; offset=&#8221;vc_hidden-sm vc_hidden-xs&#8221;][\/vc_column][\/vc_row]<\/p>\n<\/div>","protected":false},"excerpt":{"rendered":"<p>[vc_row css=&#8221;.vc_custom_1640983396270{margin-bottom: 70px !important;}&#8221;][vc_column][vc_column_text] About Us H\u00f4tel Le Pr\u00e9sident, Sherbrooke, Qu\u00e9bec [\/vc_column_text][\/vc_column][\/vc_row][vc_row equal_height=&#8221;yes&#8221; content_placement=&#8221;middle&#8221; css=&#8221;.vc_custom_1640983731680{margin-bottom: 60px !important;padding-right: 20px !important;padding-left: 20px !important;border-radius: 15px !important;}&#8221;][vc_column width=&#8221;1\/2&#8243; css=&#8221;.vc_custom_1640983701330{padding-top: 160px !important;padding-bottom: 160px !important;background-image: url(https:\/\/hotel-le-president.com\/wp-content\/uploads\/sites\/56\/2021\/12\/Le-president-photo.jpg?id=158) !important;background-position: center !important;background-repeat: no-repeat !important;background-size: cover !important;}&#8221; offset=&#8221;vc_hidden-lg vc_hidden-md&#8221;][\/vc_column][vc_column width=&#8221;1\/2&#8243; css=&#8221;.vc_custom_1640048157903{background-color: #8b6b61 !important;}&#8221;][vc_column_text] H\u00f4tel Le Pr\u00e9sident [\/vc_column_text][vc_btn title=&#8221;Learn More&#8221; style=&#8221;flat&#8221; color=&#8221;juicy-pink&#8221; align=&#8221;center&#8221; link=&#8221;url:https%3A%2F%2Fhotel-le-president.com%2Fen%2Fabout-us%2Fhotel-le-president%2F&#8221;][\/vc_column][vc_column width=&#8221;1\/2&#8243; css=&#8221;.vc_custom_1640983683854{padding-top:&hellip;<\/p>\n","protected":false},"author":1,"featured_media":0,"parent":0,"menu_order":0,"comment_status":"closed","ping_status":"closed","template":"","meta":{"footnotes":""},"class_list":["post-558","page","type-page","status-publish","hentry","description-off"],"yoast_head":"<!-- This site is optimized with the Yoast SEO plugin v27.3 - https:\/\/yoast.com\/product\/yoast-seo-wordpress\/ -->\n<title>About us | Hotel Le Pr\u00e9sident in Sherbrooke<\/title>\n<meta name=\"robots\" content=\"index, follow, max-snippet:-1, max-image-preview:large, max-video-preview:-1\" \/>\n<link rel=\"canonical\" href=\"https:\/\/hotel-le-president.com\/en\/about-us\/\" \/>\n<meta property=\"og:locale\" content=\"en_US\" \/>\n<meta property=\"og:type\" content=\"article\" \/>\n<meta property=\"og:title\" content=\"About us | Hotel Le Pr\u00e9sident in Sherbrooke\" \/>\n<meta property=\"og:description\" content=\"[vc_row css=&#8221;.vc_custom_1640983396270{margin-bottom: 70px !important;}&#8221;][vc_column][vc_column_text] About Us H\u00f4tel Le Pr\u00e9sident, Sherbrooke, Qu\u00e9bec [\/vc_column_text][\/vc_column][\/vc_row][vc_row equal_height=&#8221;yes&#8221; content_placement=&#8221;middle&#8221; css=&#8221;.vc_custom_1640983731680{margin-bottom: 60px !important;padding-right: 20px !important;padding-left: 20px !important;border-radius: 15px !important;}&#8221;][vc_column width=&#8221;1\/2&#8243; css=&#8221;.vc_custom_1640983701330{padding-top: 160px !important;padding-bottom: 160px !important;background-image: url(https:\/\/hotel-le-president.com\/wp-content\/uploads\/sites\/56\/2021\/12\/Le-president-photo.jpg?id=158) !important;background-position: center !important;background-repeat: no-repeat !important;background-size: cover !important;}&#8221; offset=&#8221;vc_hidden-lg vc_hidden-md&#8221;][\/vc_column][vc_column width=&#8221;1\/2&#8243; css=&#8221;.vc_custom_1640048157903{background-color: #8b6b61 !important;}&#8221;][vc_column_text] H\u00f4tel Le Pr\u00e9sident [\/vc_column_text][vc_btn title=&#8221;Learn More&#8221; style=&#8221;flat&#8221; color=&#8221;juicy-pink&#8221; align=&#8221;center&#8221; link=&#8221;url:https%3A%2F%2Fhotel-le-president.com%2Fen%2Fabout-us%2Fhotel-le-president%2F&#8221;][\/vc_column][vc_column width=&#8221;1\/2&#8243; css=&#8221;.vc_custom_1640983683854{padding-top:&hellip;\" \/>\n<meta property=\"og:url\" content=\"https:\/\/hotel-le-president.com\/en\/about-us\/\" \/>\n<meta property=\"og:site_name\" content=\"Hotel Le Pr\u00e9sident\" \/>\n<meta property=\"article:modified_time\" content=\"2022-01-12T02:30:37+00:00\" \/>\n<meta name=\"twitter:card\" content=\"summary_large_image\" \/>\n<meta name=\"twitter:label1\" content=\"Est. reading time\" \/>\n\t<meta name=\"twitter:data1\" content=\"2 minutes\" \/>\n<script type=\"application\/ld+json\" class=\"yoast-schema-graph\">{\"@context\":\"https:\\\/\\\/schema.org\",\"@graph\":[{\"@type\":\"WebPage\",\"@id\":\"https:\\\/\\\/hotel-le-president.com\\\/en\\\/about-us\\\/\",\"url\":\"https:\\\/\\\/hotel-le-president.com\\\/en\\\/about-us\\\/\",\"name\":\"About us | Hotel Le Pr\u00e9sident in Sherbrooke\",\"isPartOf\":{\"@id\":\"https:\\\/\\\/hotel-le-president.com\\\/en\\\/#website\"},\"datePublished\":\"2022-01-11T08:57:19+00:00\",\"dateModified\":\"2022-01-12T02:30:37+00:00\",\"breadcrumb\":{\"@id\":\"https:\\\/\\\/hotel-le-president.com\\\/en\\\/about-us\\\/#breadcrumb\"},\"inLanguage\":\"en-US\",\"potentialAction\":[{\"@type\":\"ReadAction\",\"target\":[\"https:\\\/\\\/hotel-le-president.com\\\/en\\\/about-us\\\/\"]}]},{\"@type\":\"BreadcrumbList\",\"@id\":\"https:\\\/\\\/hotel-le-president.com\\\/en\\\/about-us\\\/#breadcrumb\",\"itemListElement\":[{\"@type\":\"ListItem\",\"position\":1,\"name\":\"Home\",\"item\":\"https:\\\/\\\/hotel-le-president.com\\\/en\\\/\"},{\"@type\":\"ListItem\",\"position\":2,\"name\":\"About Us\"}]},{\"@type\":\"WebSite\",\"@id\":\"https:\\\/\\\/hotel-le-president.com\\\/en\\\/#website\",\"url\":\"https:\\\/\\\/hotel-le-president.com\\\/en\\\/\",\"name\":\"Hotel Le Pr\u00e9sident\",\"description\":\"Sherbrook, Quebec, Canada\",\"potentialAction\":[{\"@type\":\"SearchAction\",\"target\":{\"@type\":\"EntryPoint\",\"urlTemplate\":\"https:\\\/\\\/hotel-le-president.com\\\/en\\\/?s={search_term_string}\"},\"query-input\":{\"@type\":\"PropertyValueSpecification\",\"valueRequired\":true,\"valueName\":\"search_term_string\"}}],\"inLanguage\":\"en-US\"}]}<\/script>\n<!-- \/ Yoast SEO plugin. -->","yoast_head_json":{"title":"About us | Hotel Le Pr\u00e9sident in Sherbrooke","robots":{"index":"index","follow":"follow","max-snippet":"max-snippet:-1","max-image-preview":"max-image-preview:large","max-video-preview":"max-video-preview:-1"},"canonical":"https:\/\/hotel-le-president.com\/en\/about-us\/","og_locale":"en_US","og_type":"article","og_title":"About us | Hotel Le Pr\u00e9sident in Sherbrooke","og_description":"[vc_row css=&#8221;.vc_custom_1640983396270{margin-bottom: 70px !important;}&#8221;][vc_column][vc_column_text] About Us H\u00f4tel Le Pr\u00e9sident, Sherbrooke, Qu\u00e9bec [\/vc_column_text][\/vc_column][\/vc_row][vc_row equal_height=&#8221;yes&#8221; content_placement=&#8221;middle&#8221; css=&#8221;.vc_custom_1640983731680{margin-bottom: 60px !important;padding-right: 20px !important;padding-left: 20px !important;border-radius: 15px !important;}&#8221;][vc_column width=&#8221;1\/2&#8243; css=&#8221;.vc_custom_1640983701330{padding-top: 160px !important;padding-bottom: 160px !important;background-image: url(https:\/\/hotel-le-president.com\/wp-content\/uploads\/sites\/56\/2021\/12\/Le-president-photo.jpg?id=158) !important;background-position: center !important;background-repeat: no-repeat !important;background-size: cover !important;}&#8221; offset=&#8221;vc_hidden-lg vc_hidden-md&#8221;][\/vc_column][vc_column width=&#8221;1\/2&#8243; css=&#8221;.vc_custom_1640048157903{background-color: #8b6b61 !important;}&#8221;][vc_column_text] H\u00f4tel Le Pr\u00e9sident [\/vc_column_text][vc_btn title=&#8221;Learn More&#8221; style=&#8221;flat&#8221; color=&#8221;juicy-pink&#8221; align=&#8221;center&#8221; link=&#8221;url:https%3A%2F%2Fhotel-le-president.com%2Fen%2Fabout-us%2Fhotel-le-president%2F&#8221;][\/vc_column][vc_column width=&#8221;1\/2&#8243; css=&#8221;.vc_custom_1640983683854{padding-top:&hellip;","og_url":"https:\/\/hotel-le-president.com\/en\/about-us\/","og_site_name":"Hotel Le Pr\u00e9sident","article_modified_time":"2022-01-12T02:30:37+00:00","twitter_card":"summary_large_image","twitter_misc":{"Est. reading time":"2 minutes"},"schema":{"@context":"https:\/\/schema.org","@graph":[{"@type":"WebPage","@id":"https:\/\/hotel-le-president.com\/en\/about-us\/","url":"https:\/\/hotel-le-president.com\/en\/about-us\/","name":"About us | Hotel Le Pr\u00e9sident in Sherbrooke","isPartOf":{"@id":"https:\/\/hotel-le-president.com\/en\/#website"},"datePublished":"2022-01-11T08:57:19+00:00","dateModified":"2022-01-12T02:30:37+00:00","breadcrumb":{"@id":"https:\/\/hotel-le-president.com\/en\/about-us\/#breadcrumb"},"inLanguage":"en-US","potentialAction":[{"@type":"ReadAction","target":["https:\/\/hotel-le-president.com\/en\/about-us\/"]}]},{"@type":"BreadcrumbList","@id":"https:\/\/hotel-le-president.com\/en\/about-us\/#breadcrumb","itemListElement":[{"@type":"ListItem","position":1,"name":"Home","item":"https:\/\/hotel-le-president.com\/en\/"},{"@type":"ListItem","position":2,"name":"About Us"}]},{"@type":"WebSite","@id":"https:\/\/hotel-le-president.com\/en\/#website","url":"https:\/\/hotel-le-president.com\/en\/","name":"Hotel Le Pr\u00e9sident","description":"Sherbrook, Quebec, Canada","potentialAction":[{"@type":"SearchAction","target":{"@type":"EntryPoint","urlTemplate":"https:\/\/hotel-le-president.com\/en\/?s={search_term_string}"},"query-input":{"@type":"PropertyValueSpecification","valueRequired":true,"valueName":"search_term_string"}}],"inLanguage":"en-US"}]}},"_links":{"self":[{"href":"https:\/\/hotel-le-president.com\/en\/wp-json\/wp\/v2\/pages\/558","targetHints":{"allow":["GET"]}}],"collection":[{"href":"https:\/\/hotel-le-president.com\/en\/wp-json\/wp\/v2\/pages"}],"about":[{"href":"https:\/\/hotel-le-president.com\/en\/wp-json\/wp\/v2\/types\/page"}],"author":[{"embeddable":true,"href":"https:\/\/hotel-le-president.com\/en\/wp-json\/wp\/v2\/users\/1"}],"replies":[{"embeddable":true,"href":"https:\/\/hotel-le-president.com\/en\/wp-json\/wp\/v2\/comments?post=558"}],"version-history":[{"count":3,"href":"https:\/\/hotel-le-president.com\/en\/wp-json\/wp\/v2\/pages\/558\/revisions"}],"predecessor-version":[{"id":601,"href":"https:\/\/hotel-le-president.com\/en\/wp-json\/wp\/v2\/pages\/558\/revisions\/601"}],"wp:attachment":[{"href":"https:\/\/hotel-le-president.com\/en\/wp-json\/wp\/v2\/media?parent=558"}],"curies":[{"name":"wp","href":"https:\/\/api.w.org\/{rel}","templated":true}]}}