{"id":515,"date":"2022-01-11T08:34:15","date_gmt":"2022-01-11T08:34:15","guid":{"rendered":"https:\/\/hotel-le-president.com\/?page_id=515"},"modified":"2023-06-30T17:54:17","modified_gmt":"2023-06-30T17:54:17","slug":"accomodations","status":"publish","type":"page","link":"https:\/\/hotel-le-president.com\/en\/accomodations\/","title":{"rendered":"Accomodations"},"content":{"rendered":"<div class=\"wpb-content-wrapper\"><p>[vc_row css=&#8221;.vc_custom_1640985423053{margin-bottom: 70px !important;}&#8221;][vc_column][vc_column_text]<\/p>\n<h1 style=\"text-align: center;\"><span style=\"color: #3e2723;\">Accomodations<\/span><\/h1>\n<h2 style=\"text-align: center;\"><span style=\"color: #aa7548;\">H\u00f4tel Le Pr\u00e9sident, Sherbrooke, Qu\u00e9bec<\/span><\/h2>\n<p>[\/vc_column_text][\/vc_column][\/vc_row][vc_row equal_height=&#8221;yes&#8221; content_placement=&#8221;middle&#8221; css=&#8221;.vc_custom_1640985778458{margin-bottom: 60px !important;padding-right: 20px !important;padding-left: 20px !important;border-radius: 15px !important;}&#8221;][vc_column width=&#8221;1\/2&#8243; css=&#8221;.vc_custom_1640985741457{padding-top: 160px !important;padding-bottom: 160px !important;background-image: url(https:\/\/hotel-le-president.com\/wp-content\/uploads\/sites\/56\/2021\/12\/chambre-confort-hotel-president-sherbrooke.jpg?id=124) !important;background-position: center !important;background-repeat: no-repeat !important;background-size: cover !important;}&#8221; offset=&#8221;vc_hidden-lg vc_hidden-md&#8221;][\/vc_column][vc_column width=&#8221;1\/2&#8243; css=&#8221;.vc_custom_1640048157903{background-color: #8b6b61 !important;}&#8221;][vc_column_text]<\/p>\n<h2 style=\"text-align: center;\"><span style=\"color: #ffffff;\">Comfort Room<\/span><\/h2>\n<p>[\/vc_column_text][vc_btn title=&#8221;Learn More&#8221; style=&#8221;flat&#8221; color=&#8221;juicy-pink&#8221; align=&#8221;center&#8221; i_align=&#8221;right&#8221; i_icon_fontawesome=&#8221;fas fa-arrow-right&#8221; add_icon=&#8221;true&#8221; link=&#8221;url:https%3A%2F%2Fhotel-le-president.com%2Fen%2Faccomodations%2Fcomfort-room%2F&#8221;][\/vc_column][vc_column width=&#8221;1\/2&#8243; css=&#8221;.vc_custom_1640985748257{padding-top: 160px !important;padding-bottom: 160px !important;background-image: url(https:\/\/hotel-le-president.com\/wp-content\/uploads\/sites\/56\/2021\/12\/chambre-confort-hotel-president-sherbrooke.jpg?id=124) !important;background-position: center !important;background-repeat: no-repeat !important;background-size: cover !important;}&#8221; offset=&#8221;vc_hidden-sm vc_hidden-xs&#8221;][\/vc_column][\/vc_row][vc_row equal_height=&#8221;yes&#8221; content_placement=&#8221;middle&#8221; css=&#8221;.vc_custom_1640985789483{padding-right: 20px !important;padding-left: 20px !important;}&#8221;][vc_column width=&#8221;1\/2&#8243; css=&#8221;.vc_custom_1640048132489{padding-top: 160px !important;padding-bottom: 160px !important;background-image: url(https:\/\/hotel-le-president.com\/wp-content\/uploads\/sites\/56\/2021\/12\/Banner_Home_Reception1.jpg?id=81) !important;background-position: center !important;background-repeat: no-repeat !important;background-size: cover !important;}&#8221;][\/vc_column][vc_column width=&#8221;1\/2&#8243; css=&#8221;.vc_custom_1640048157903{background-color: #8b6b61 !important;}&#8221;][vc_column_text]<\/p>\n<h2 style=\"text-align: center;\"><span style=\"color: #ffffff;\">Superior Room<\/span><\/h2>\n<p>[\/vc_column_text][vc_btn title=&#8221;Learn More&#8221; style=&#8221;flat&#8221; color=&#8221;juicy-pink&#8221; align=&#8221;center&#8221; i_align=&#8221;right&#8221; i_icon_fontawesome=&#8221;fas fa-arrow-right&#8221; add_icon=&#8221;true&#8221; link=&#8221;url:https%3A%2F%2Fhotel-le-president.com%2Fchambres%2Fchambre-superieure%2F&#8221;][\/vc_column][\/vc_row][vc_row css=&#8221;.vc_custom_1640985604131{margin-top: 70px !important;}&#8221;][vc_column][vc_column_text]<\/p>\n<h2 style=\"text-align: center;\"><span style=\"color: #3e2723;\">Book your stay easily online<\/span><\/h2>\n<h3 style=\"text-align: center;\"><span style=\"color: #aa7548;\">Best price guaranteed!<\/span><\/h3>\n<p>[\/vc_column_text][vc_btn title=&#8221;Book Now!&#8221; style=&#8221;flat&#8221; color=&#8221;juicy-pink&#8221; size=&#8221;lg&#8221; align=&#8221;center&#8221; i_icon_fontawesome=&#8221;fas fa-calendar-plus&#8221; add_icon=&#8221;true&#8221; link=&#8221;url:https%3A%2F%2Fhotel-le-president.com%2Fen%2Fbook-room-now%2F&#8221;][\/vc_column][\/vc_row]<\/p>\n<\/div>","protected":false},"excerpt":{"rendered":"<p>[vc_row css=&#8221;.vc_custom_1640985423053{margin-bottom: 70px !important;}&#8221;][vc_column][vc_column_text] Accomodations H\u00f4tel Le Pr\u00e9sident, Sherbrooke, Qu\u00e9bec [\/vc_column_text][\/vc_column][\/vc_row][vc_row equal_height=&#8221;yes&#8221; content_placement=&#8221;middle&#8221; css=&#8221;.vc_custom_1640985778458{margin-bottom: 60px !important;padding-right: 20px !important;padding-left: 20px !important;border-radius: 15px !important;}&#8221;][vc_column width=&#8221;1\/2&#8243; css=&#8221;.vc_custom_1640985741457{padding-top: 160px !important;padding-bottom: 160px !important;background-image: url(https:\/\/hotel-le-president.com\/wp-content\/uploads\/sites\/56\/2021\/12\/chambre-confort-hotel-president-sherbrooke.jpg?id=124) !important;background-position: center !important;background-repeat: no-repeat !important;background-size: cover !important;}&#8221; offset=&#8221;vc_hidden-lg vc_hidden-md&#8221;][\/vc_column][vc_column width=&#8221;1\/2&#8243; css=&#8221;.vc_custom_1640048157903{background-color: #8b6b61 !important;}&#8221;][vc_column_text] Comfort Room [\/vc_column_text][vc_btn title=&#8221;Learn More&#8221; style=&#8221;flat&#8221; color=&#8221;juicy-pink&#8221; align=&#8221;center&#8221; i_align=&#8221;right&#8221; i_icon_fontawesome=&#8221;fas fa-arrow-right&#8221; add_icon=&#8221;true&#8221; link=&#8221;url:https%3A%2F%2Fhotel-le-president.com%2Fen%2Faccomodations%2Fcomfort-room%2F&#8221;][\/vc_column][vc_column&hellip;<\/p>\n","protected":false},"author":1,"featured_media":0,"parent":0,"menu_order":0,"comment_status":"closed","ping_status":"closed","template":"","meta":{"footnotes":""},"class_list":["post-515","page","type-page","status-publish","hentry","description-off"],"yoast_head":"<!-- This site is optimized with the Yoast SEO plugin v27.3 - https:\/\/yoast.com\/product\/yoast-seo-wordpress\/ -->\n<title>Accomodations | H\u00f4tel Le Pr\u00e9sident in Sherbrooke - Qu\u00e9bec<\/title>\n<meta name=\"robots\" content=\"index, follow, max-snippet:-1, max-image-preview:large, max-video-preview:-1\" \/>\n<link rel=\"canonical\" href=\"https:\/\/hotel-le-president.com\/en\/accomodations\/\" \/>\n<meta property=\"og:locale\" content=\"en_US\" \/>\n<meta property=\"og:type\" content=\"article\" \/>\n<meta property=\"og:title\" content=\"Accomodations | H\u00f4tel Le Pr\u00e9sident in Sherbrooke - Qu\u00e9bec\" \/>\n<meta property=\"og:description\" content=\"[vc_row css=&#8221;.vc_custom_1640985423053{margin-bottom: 70px !important;}&#8221;][vc_column][vc_column_text] Accomodations H\u00f4tel Le Pr\u00e9sident, Sherbrooke, Qu\u00e9bec [\/vc_column_text][\/vc_column][\/vc_row][vc_row equal_height=&#8221;yes&#8221; content_placement=&#8221;middle&#8221; css=&#8221;.vc_custom_1640985778458{margin-bottom: 60px !important;padding-right: 20px !important;padding-left: 20px !important;border-radius: 15px !important;}&#8221;][vc_column width=&#8221;1\/2&#8243; css=&#8221;.vc_custom_1640985741457{padding-top: 160px !important;padding-bottom: 160px !important;background-image: url(https:\/\/hotel-le-president.com\/wp-content\/uploads\/sites\/56\/2021\/12\/chambre-confort-hotel-president-sherbrooke.jpg?id=124) !important;background-position: center !important;background-repeat: no-repeat !important;background-size: cover !important;}&#8221; offset=&#8221;vc_hidden-lg vc_hidden-md&#8221;][\/vc_column][vc_column width=&#8221;1\/2&#8243; css=&#8221;.vc_custom_1640048157903{background-color: #8b6b61 !important;}&#8221;][vc_column_text] Comfort Room [\/vc_column_text][vc_btn title=&#8221;Learn More&#8221; style=&#8221;flat&#8221; color=&#8221;juicy-pink&#8221; align=&#8221;center&#8221; i_align=&#8221;right&#8221; i_icon_fontawesome=&#8221;fas fa-arrow-right&#8221; add_icon=&#8221;true&#8221; link=&#8221;url:https%3A%2F%2Fhotel-le-president.com%2Fen%2Faccomodations%2Fcomfort-room%2F&#8221;][\/vc_column][vc_column&hellip;\" \/>\n<meta property=\"og:url\" content=\"https:\/\/hotel-le-president.com\/en\/accomodations\/\" \/>\n<meta property=\"og:site_name\" content=\"Hotel Le Pr\u00e9sident\" \/>\n<meta property=\"article:modified_time\" content=\"2023-06-30T17:54:17+00:00\" \/>\n<meta name=\"twitter:card\" content=\"summary_large_image\" \/>\n<meta name=\"twitter:label1\" content=\"Est. reading time\" \/>\n\t<meta name=\"twitter:data1\" content=\"1 minute\" \/>\n<script type=\"application\/ld+json\" class=\"yoast-schema-graph\">{\"@context\":\"https:\\\/\\\/schema.org\",\"@graph\":[{\"@type\":\"WebPage\",\"@id\":\"https:\\\/\\\/hotel-le-president.com\\\/en\\\/accomodations\\\/\",\"url\":\"https:\\\/\\\/hotel-le-president.com\\\/en\\\/accomodations\\\/\",\"name\":\"Accomodations | H\u00f4tel Le Pr\u00e9sident in Sherbrooke - Qu\u00e9bec\",\"isPartOf\":{\"@id\":\"https:\\\/\\\/hotel-le-president.com\\\/en\\\/#website\"},\"datePublished\":\"2022-01-11T08:34:15+00:00\",\"dateModified\":\"2023-06-30T17:54:17+00:00\",\"breadcrumb\":{\"@id\":\"https:\\\/\\\/hotel-le-president.com\\\/en\\\/accomodations\\\/#breadcrumb\"},\"inLanguage\":\"en-US\",\"potentialAction\":[{\"@type\":\"ReadAction\",\"target\":[\"https:\\\/\\\/hotel-le-president.com\\\/en\\\/accomodations\\\/\"]}]},{\"@type\":\"BreadcrumbList\",\"@id\":\"https:\\\/\\\/hotel-le-president.com\\\/en\\\/accomodations\\\/#breadcrumb\",\"itemListElement\":[{\"@type\":\"ListItem\",\"position\":1,\"name\":\"Home\",\"item\":\"https:\\\/\\\/hotel-le-president.com\\\/en\\\/\"},{\"@type\":\"ListItem\",\"position\":2,\"name\":\"Accomodations\"}]},{\"@type\":\"WebSite\",\"@id\":\"https:\\\/\\\/hotel-le-president.com\\\/en\\\/#website\",\"url\":\"https:\\\/\\\/hotel-le-president.com\\\/en\\\/\",\"name\":\"Hotel Le Pr\u00e9sident\",\"description\":\"Sherbrook, Quebec, Canada\",\"potentialAction\":[{\"@type\":\"SearchAction\",\"target\":{\"@type\":\"EntryPoint\",\"urlTemplate\":\"https:\\\/\\\/hotel-le-president.com\\\/en\\\/?s={search_term_string}\"},\"query-input\":{\"@type\":\"PropertyValueSpecification\",\"valueRequired\":true,\"valueName\":\"search_term_string\"}}],\"inLanguage\":\"en-US\"}]}<\/script>\n<!-- \/ Yoast SEO plugin. -->","yoast_head_json":{"title":"Accomodations | H\u00f4tel Le Pr\u00e9sident in Sherbrooke - Qu\u00e9bec","robots":{"index":"index","follow":"follow","max-snippet":"max-snippet:-1","max-image-preview":"max-image-preview:large","max-video-preview":"max-video-preview:-1"},"canonical":"https:\/\/hotel-le-president.com\/en\/accomodations\/","og_locale":"en_US","og_type":"article","og_title":"Accomodations | H\u00f4tel Le Pr\u00e9sident in Sherbrooke - Qu\u00e9bec","og_description":"[vc_row css=&#8221;.vc_custom_1640985423053{margin-bottom: 70px !important;}&#8221;][vc_column][vc_column_text] Accomodations H\u00f4tel Le Pr\u00e9sident, Sherbrooke, Qu\u00e9bec [\/vc_column_text][\/vc_column][\/vc_row][vc_row equal_height=&#8221;yes&#8221; content_placement=&#8221;middle&#8221; css=&#8221;.vc_custom_1640985778458{margin-bottom: 60px !important;padding-right: 20px !important;padding-left: 20px !important;border-radius: 15px !important;}&#8221;][vc_column width=&#8221;1\/2&#8243; css=&#8221;.vc_custom_1640985741457{padding-top: 160px !important;padding-bottom: 160px !important;background-image: url(https:\/\/hotel-le-president.com\/wp-content\/uploads\/sites\/56\/2021\/12\/chambre-confort-hotel-president-sherbrooke.jpg?id=124) !important;background-position: center !important;background-repeat: no-repeat !important;background-size: cover !important;}&#8221; offset=&#8221;vc_hidden-lg vc_hidden-md&#8221;][\/vc_column][vc_column width=&#8221;1\/2&#8243; css=&#8221;.vc_custom_1640048157903{background-color: #8b6b61 !important;}&#8221;][vc_column_text] Comfort Room [\/vc_column_text][vc_btn title=&#8221;Learn More&#8221; style=&#8221;flat&#8221; color=&#8221;juicy-pink&#8221; align=&#8221;center&#8221; i_align=&#8221;right&#8221; i_icon_fontawesome=&#8221;fas fa-arrow-right&#8221; add_icon=&#8221;true&#8221; link=&#8221;url:https%3A%2F%2Fhotel-le-president.com%2Fen%2Faccomodations%2Fcomfort-room%2F&#8221;][\/vc_column][vc_column&hellip;","og_url":"https:\/\/hotel-le-president.com\/en\/accomodations\/","og_site_name":"Hotel Le Pr\u00e9sident","article_modified_time":"2023-06-30T17:54:17+00:00","twitter_card":"summary_large_image","twitter_misc":{"Est. reading time":"1 minute"},"schema":{"@context":"https:\/\/schema.org","@graph":[{"@type":"WebPage","@id":"https:\/\/hotel-le-president.com\/en\/accomodations\/","url":"https:\/\/hotel-le-president.com\/en\/accomodations\/","name":"Accomodations | H\u00f4tel Le Pr\u00e9sident in Sherbrooke - Qu\u00e9bec","isPartOf":{"@id":"https:\/\/hotel-le-president.com\/en\/#website"},"datePublished":"2022-01-11T08:34:15+00:00","dateModified":"2023-06-30T17:54:17+00:00","breadcrumb":{"@id":"https:\/\/hotel-le-president.com\/en\/accomodations\/#breadcrumb"},"inLanguage":"en-US","potentialAction":[{"@type":"ReadAction","target":["https:\/\/hotel-le-president.com\/en\/accomodations\/"]}]},{"@type":"BreadcrumbList","@id":"https:\/\/hotel-le-president.com\/en\/accomodations\/#breadcrumb","itemListElement":[{"@type":"ListItem","position":1,"name":"Home","item":"https:\/\/hotel-le-president.com\/en\/"},{"@type":"ListItem","position":2,"name":"Accomodations"}]},{"@type":"WebSite","@id":"https:\/\/hotel-le-president.com\/en\/#website","url":"https:\/\/hotel-le-president.com\/en\/","name":"Hotel Le Pr\u00e9sident","description":"Sherbrook, Quebec, Canada","potentialAction":[{"@type":"SearchAction","target":{"@type":"EntryPoint","urlTemplate":"https:\/\/hotel-le-president.com\/en\/?s={search_term_string}"},"query-input":{"@type":"PropertyValueSpecification","valueRequired":true,"valueName":"search_term_string"}}],"inLanguage":"en-US"}]}},"_links":{"self":[{"href":"https:\/\/hotel-le-president.com\/en\/wp-json\/wp\/v2\/pages\/515","targetHints":{"allow":["GET"]}}],"collection":[{"href":"https:\/\/hotel-le-president.com\/en\/wp-json\/wp\/v2\/pages"}],"about":[{"href":"https:\/\/hotel-le-president.com\/en\/wp-json\/wp\/v2\/types\/page"}],"author":[{"embeddable":true,"href":"https:\/\/hotel-le-president.com\/en\/wp-json\/wp\/v2\/users\/1"}],"replies":[{"embeddable":true,"href":"https:\/\/hotel-le-president.com\/en\/wp-json\/wp\/v2\/comments?post=515"}],"version-history":[{"count":6,"href":"https:\/\/hotel-le-president.com\/en\/wp-json\/wp\/v2\/pages\/515\/revisions"}],"predecessor-version":[{"id":742,"href":"https:\/\/hotel-le-president.com\/en\/wp-json\/wp\/v2\/pages\/515\/revisions\/742"}],"wp:attachment":[{"href":"https:\/\/hotel-le-president.com\/en\/wp-json\/wp\/v2\/media?parent=515"}],"curies":[{"name":"wp","href":"https:\/\/api.w.org\/{rel}","templated":true}]}}